{"id":52,"date":"2025-04-01T23:25:34","date_gmt":"2025-04-01T23:25:34","guid":{"rendered":"https:\/\/consular.digitally.club\/?page_id=52"},"modified":"2025-08-08T21:16:03","modified_gmt":"2025-08-08T21:16:03","slug":"aviso-legal","status":"publish","type":"page","link":"https:\/\/www.consularsa.com.ar\/?page_id=52","title":{"rendered":"Aviso Legal"},"content":{"rendered":"\t\t<div data-elementor-type=\"wp-page\" data-elementor-id=\"52\" class=\"elementor elementor-52\" data-elementor-post-type=\"page\">\n\t\t\t\t<div class=\"elementor-element elementor-element-1319da8 e-flex e-con-boxed e-con e-child\" data-id=\"1319da8\" data-element_type=\"container\" data-settings=\"{&quot;background_background&quot;:&quot;classic&quot;}\">\n\t\t\t\t\t<div class=\"e-con-inner\">\n\t\t<div class=\"elementor-element elementor-element-0d0e26d animated-fast e-con-full e-flex elementor-invisible e-con e-child\" data-id=\"0d0e26d\" data-element_type=\"container\" data-settings=\"{&quot;animation&quot;:&quot;fadeIn&quot;,&quot;animation_delay&quot;:100}\">\n\t\t\t\t<div class=\"elementor-element elementor-element-647402f elementor-widget elementor-widget-heading\" data-id=\"647402f\" data-element_type=\"widget\" data-widget_type=\"heading.default\">\n\t\t\t\t<div class=\"elementor-widget-container\">\n\t\t\t\t\t<div class=\"elementor-heading-title elementor-size-default\">Centro de pol\u00edticas<\/div>\t\t\t\t<\/div>\n\t\t\t\t<\/div>\n\t\t\t\t<div class=\"elementor-element elementor-element-ffafc72 elementor-widget elementor-widget-heading\" data-id=\"ffafc72\" data-element_type=\"widget\" data-widget_type=\"heading.default\">\n\t\t\t\t<div class=\"elementor-widget-container\">\n\t\t\t\t\t<h1 class=\"elementor-heading-title elementor-size-default\">Aviso Legal<\/h1>\t\t\t\t<\/div>\n\t\t\t\t<\/div>\n\t\t\t\t<div class=\"elementor-element elementor-element-849d143 elementor-widget elementor-widget-text-editor\" data-id=\"849d143\" data-element_type=\"widget\" data-widget_type=\"text-editor.default\">\n\t\t\t\t<div class=\"elementor-widget-container\">\n\t\t\t\t\t\t\t\t\t<p>Esta p\u00e1gina contiene el aviso legal de Venflex, C.A., incluyendo la informaci\u00f3n del titular del sitio web y el marco legal que regula su uso.<\/p>\t\t\t\t\t\t\t\t<\/div>\n\t\t\t\t<\/div>\n\t\t\t\t<\/div>\n\t\t\t\t<div class=\"elementor-element elementor-element-86f8007 elementor-absolute e-transform elementor-widget elementor-widget-image\" data-id=\"86f8007\" data-element_type=\"widget\" data-settings=\"{&quot;_position&quot;:&quot;absolute&quot;,&quot;_transform_rotateZ_effect&quot;:{&quot;unit&quot;:&quot;px&quot;,&quot;size&quot;:-10,&quot;sizes&quot;:[]},&quot;_transform_rotateZ_effect_laptop&quot;:{&quot;unit&quot;:&quot;deg&quot;,&quot;size&quot;:&quot;&quot;,&quot;sizes&quot;:[]},&quot;_transform_rotateZ_effect_tablet_extra&quot;:{&quot;unit&quot;:&quot;deg&quot;,&quot;size&quot;:&quot;&quot;,&quot;sizes&quot;:[]},&quot;_transform_rotateZ_effect_tablet&quot;:{&quot;unit&quot;:&quot;deg&quot;,&quot;size&quot;:&quot;&quot;,&quot;sizes&quot;:[]},&quot;_transform_rotateZ_effect_mobile&quot;:{&quot;unit&quot;:&quot;deg&quot;,&quot;size&quot;:&quot;&quot;,&quot;sizes&quot;:[]}}\" data-widget_type=\"image.default\">\n\t\t\t\t<div class=\"elementor-widget-container\">\n\t\t\t\t\t\t\t\t\t\t\t\t\t\t\t<img fetchpriority=\"high\" decoding=\"async\" width=\"1170\" height=\"605\" src=\"https:\/\/www.consularsa.com.ar\/wp-content\/uploads\/consular-logo-simbolo.png\" class=\"attachment-full size-full wp-image-1579\" alt=\"\" srcset=\"https:\/\/www.consularsa.com.ar\/wp-content\/uploads\/consular-logo-simbolo.png 1170w, https:\/\/www.consularsa.com.ar\/wp-content\/uploads\/consular-logo-simbolo-768x397.png 768w\" sizes=\"(max-width: 1170px) 100vw, 1170px\" \/>\t\t\t\t\t\t\t\t\t\t\t\t\t\t\t<\/div>\n\t\t\t\t<\/div>\n\t\t\t\t\t<\/div>\n\t\t\t\t<\/div>\n\t\t<div class=\"elementor-element elementor-element-1ec4d9d e-con-full animated-fast e-flex elementor-invisible e-con e-parent\" data-id=\"1ec4d9d\" data-element_type=\"container\" data-settings=\"{&quot;sticky&quot;:&quot;top&quot;,&quot;sticky_offset_tablet_extra&quot;:0,&quot;sticky_offset_tablet&quot;:0,&quot;sticky_offset_mobile&quot;:0,&quot;sticky_parent&quot;:&quot;yes&quot;,&quot;animation&quot;:&quot;fadeIn&quot;,&quot;animation_delay&quot;:100,&quot;sticky_offset_laptop&quot;:0,&quot;background_background&quot;:&quot;classic&quot;,&quot;sticky_anchor_link_offset&quot;:100,&quot;sticky_on&quot;:[&quot;desktop&quot;,&quot;laptop&quot;,&quot;tablet_extra&quot;,&quot;tablet&quot;,&quot;mobile&quot;],&quot;sticky_offset&quot;:0,&quot;sticky_effects_offset&quot;:0}\">\n\t\t<div class=\"elementor-element elementor-element-8f2a3d3 e-flex e-con-boxed e-con e-child\" data-id=\"8f2a3d3\" data-element_type=\"container\" data-settings=\"{&quot;background_background&quot;:&quot;classic&quot;}\">\n\t\t\t\t\t<div class=\"e-con-inner\">\n\t\t<div class=\"elementor-element elementor-element-fda336d e-con-full e-flex e-con e-child\" data-id=\"fda336d\" data-element_type=\"container\" data-settings=\"{&quot;background_background&quot;:&quot;classic&quot;}\">\n\t\t\t\t<div class=\"elementor-element elementor-element-e69e992 elementor-align-left elementor-widget elementor-widget-button\" data-id=\"e69e992\" data-element_type=\"widget\" data-widget_type=\"button.default\">\n\t\t\t\t<div class=\"elementor-widget-container\">\n\t\t\t\t\t\t\t\t\t<div class=\"elementor-button-wrapper\">\n\t\t\t\t\t<a class=\"elementor-button elementor-button-link elementor-size-sm\" href=\"https:\/\/www.consularsa.com.ar\/?page_id=46\">\n\t\t\t\t\t\t<span class=\"elementor-button-content-wrapper\">\n\t\t\t\t\t\t\t\t\t<span class=\"elementor-button-text\">T\u00e9rminos y Condiciones<\/span>\n\t\t\t\t\t<\/span>\n\t\t\t\t\t<\/a>\n\t\t\t\t<\/div>\n\t\t\t\t\t\t\t\t<\/div>\n\t\t\t\t<\/div>\n\t\t\t\t<div class=\"elementor-element elementor-element-f70295d elementor-align-left elementor-widget elementor-widget-button\" data-id=\"f70295d\" data-element_type=\"widget\" data-widget_type=\"button.default\">\n\t\t\t\t<div class=\"elementor-widget-container\">\n\t\t\t\t\t\t\t\t\t<div class=\"elementor-button-wrapper\">\n\t\t\t\t\t<a class=\"elementor-button elementor-button-link elementor-size-sm\" href=\"https:\/\/www.consularsa.com.ar\/?page_id=48\">\n\t\t\t\t\t\t<span class=\"elementor-button-content-wrapper\">\n\t\t\t\t\t\t\t\t\t<span class=\"elementor-button-text\">Pol\u00edtica de Privacidad<\/span>\n\t\t\t\t\t<\/span>\n\t\t\t\t\t<\/a>\n\t\t\t\t<\/div>\n\t\t\t\t\t\t\t\t<\/div>\n\t\t\t\t<\/div>\n\t\t\t\t<div class=\"elementor-element elementor-element-21918a6 elementor-align-left elementor-widget elementor-widget-button\" data-id=\"21918a6\" data-element_type=\"widget\" data-widget_type=\"button.default\">\n\t\t\t\t<div class=\"elementor-widget-container\">\n\t\t\t\t\t\t\t\t\t<div class=\"elementor-button-wrapper\">\n\t\t\t\t\t<a class=\"elementor-button elementor-button-link elementor-size-sm\" href=\"https:\/\/www.consularsa.com.ar\/?page_id=50\">\n\t\t\t\t\t\t<span class=\"elementor-button-content-wrapper\">\n\t\t\t\t\t\t\t\t\t<span class=\"elementor-button-text\">Pol\u00edtica de Cookies<\/span>\n\t\t\t\t\t<\/span>\n\t\t\t\t\t<\/a>\n\t\t\t\t<\/div>\n\t\t\t\t\t\t\t\t<\/div>\n\t\t\t\t<\/div>\n\t\t\t\t<div class=\"elementor-element elementor-element-cd38c23 elementor-align-left elementor-widget elementor-widget-button\" data-id=\"cd38c23\" data-element_type=\"widget\" data-widget_type=\"button.default\">\n\t\t\t\t<div class=\"elementor-widget-container\">\n\t\t\t\t\t\t\t\t\t<div class=\"elementor-button-wrapper\">\n\t\t\t\t\t<a class=\"elementor-button elementor-button-link elementor-size-sm\" href=\"https:\/\/www.consularsa.com.ar\/?page_id=52\">\n\t\t\t\t\t\t<span class=\"elementor-button-content-wrapper\">\n\t\t\t\t\t\t\t\t\t<span class=\"elementor-button-text\">Aviso Legal<\/span>\n\t\t\t\t\t<\/span>\n\t\t\t\t\t<\/a>\n\t\t\t\t<\/div>\n\t\t\t\t\t\t\t\t<\/div>\n\t\t\t\t<\/div>\n\t\t\t\t<\/div>\n\t\t\t\t\t<\/div>\n\t\t\t\t<\/div>\n\t\t\t\t<div class=\"elementor-element elementor-element-928b92f elementor-widget elementor-widget-progress-tracker\" data-id=\"928b92f\" data-element_type=\"widget\" data-settings=\"{&quot;type&quot;:&quot;horizontal&quot;,&quot;relative_to&quot;:&quot;entire_page&quot;,&quot;percentage&quot;:&quot;no&quot;}\" data-widget_type=\"progress-tracker.default\">\n\t\t\t\t<div class=\"elementor-widget-container\">\n\t\t\t\t\t\n\t\t<div class=\"elementor-scrolling-tracker elementor-scrolling-tracker-horizontal elementor-scrolling-tracker-alignment-\">\n\t\t\t\t\t\t<div class=\"current-progress\">\n\t\t\t\t\t<div class=\"current-progress-percentage\"><\/div>\n\t\t\t\t<\/div>\n\t\t\t\t<\/div>\n\t\t\t\t\t\t<\/div>\n\t\t\t\t<\/div>\n\t\t\t\t<\/div>\n\t\t<div class=\"elementor-element elementor-element-8a67406 animated-fast e-flex e-con-boxed elementor-invisible e-con e-parent\" data-id=\"8a67406\" data-element_type=\"container\" data-settings=\"{&quot;background_background&quot;:&quot;classic&quot;,&quot;animation&quot;:&quot;fadeIn&quot;,&quot;animation_delay&quot;:100}\">\n\t\t\t\t\t<div class=\"e-con-inner\">\n\t\t<div class=\"elementor-element elementor-element-d1f404e e-con-full e-flex e-con e-child\" data-id=\"d1f404e\" data-element_type=\"container\">\n\t\t<div class=\"elementor-element elementor-element-efe26d6 e-con-full e-flex elementor-invisible e-con e-child\" data-id=\"efe26d6\" data-element_type=\"container\" data-settings=\"{&quot;background_background&quot;:&quot;classic&quot;,&quot;animation&quot;:&quot;fadeIn&quot;,&quot;animation_delay&quot;:100,&quot;sticky_offset&quot;:52,&quot;sticky_on&quot;:[&quot;desktop&quot;,&quot;laptop&quot;,&quot;tablet_extra&quot;,&quot;tablet&quot;],&quot;sticky_offset_tablet_extra&quot;:130,&quot;sticky&quot;:&quot;top&quot;,&quot;sticky_parent&quot;:&quot;yes&quot;,&quot;sticky_effects_offset&quot;:0,&quot;sticky_anchor_link_offset&quot;:0}\">\n\t\t\t\t<div class=\"elementor-element elementor-element-e2491fb elementor-widget elementor-widget-heading\" data-id=\"e2491fb\" data-element_type=\"widget\" data-settings=\"{&quot;_animation&quot;:&quot;none&quot;,&quot;_animation_delay&quot;:300}\" data-widget_type=\"heading.default\">\n\t\t\t\t<div class=\"elementor-widget-container\">\n\t\t\t\t\t<div class=\"elementor-heading-title elementor-size-default\">Men\u00fa<\/div>\t\t\t\t<\/div>\n\t\t\t\t<\/div>\n\t\t\t\t<div class=\"elementor-element elementor-element-cfbfb58 elementor-icon-list--layout-traditional elementor-list-item-link-full_width elementor-widget elementor-widget-icon-list\" data-id=\"cfbfb58\" data-element_type=\"widget\" data-widget_type=\"icon-list.default\">\n\t\t\t\t<div class=\"elementor-widget-container\">\n\t\t\t\t\t\t\t<ul class=\"elementor-icon-list-items\">\n\t\t\t\t\t\t\t<li class=\"elementor-icon-list-item\">\n\t\t\t\t\t\t\t\t\t\t\t<a href=\"#informacion_titular_del_sitio_web\">\n\n\t\t\t\t\t\t\t\t\t\t\t<span class=\"elementor-icon-list-text\">1. Informaci\u00f3n del titular del sitio web<\/span>\n\t\t\t\t\t\t\t\t\t\t\t<\/a>\n\t\t\t\t\t\t\t\t\t<\/li>\n\t\t\t\t\t\t\t\t<li class=\"elementor-icon-list-item\">\n\t\t\t\t\t\t\t\t\t\t\t<a href=\"#objeto_del_sitio_web\">\n\n\t\t\t\t\t\t\t\t\t\t\t<span class=\"elementor-icon-list-text\">2. Objeto del sitio web<\/span>\n\t\t\t\t\t\t\t\t\t\t\t<\/a>\n\t\t\t\t\t\t\t\t\t<\/li>\n\t\t\t\t\t\t\t\t<li class=\"elementor-icon-list-item\">\n\t\t\t\t\t\t\t\t\t\t\t<a href=\"#legislacion_aplicable_jurisdiccion\">\n\n\t\t\t\t\t\t\t\t\t\t\t<span class=\"elementor-icon-list-text\">3. Legislaci\u00f3n aplicable y jurisdicci\u00f3n\u200b<\/span>\n\t\t\t\t\t\t\t\t\t\t\t<\/a>\n\t\t\t\t\t\t\t\t\t<\/li>\n\t\t\t\t\t\t\t\t<li class=\"elementor-icon-list-item\">\n\t\t\t\t\t\t\t\t\t\t\t<a href=\"#contacto\">\n\n\t\t\t\t\t\t\t\t\t\t\t<span class=\"elementor-icon-list-text\">4. Contacto<\/span>\n\t\t\t\t\t\t\t\t\t\t\t<\/a>\n\t\t\t\t\t\t\t\t\t<\/li>\n\t\t\t\t\t\t<\/ul>\n\t\t\t\t\t\t<\/div>\n\t\t\t\t<\/div>\n\t\t\t\t<\/div>\n\t\t\t\t<\/div>\n\t\t<div class=\"elementor-element elementor-element-d78e5ff e-con-full e-flex e-con e-child\" data-id=\"d78e5ff\" data-element_type=\"container\">\n\t\t\t\t<div class=\"elementor-element elementor-element-2c40186 elementor-widget elementor-widget-heading\" data-id=\"2c40186\" data-element_type=\"widget\" data-settings=\"{&quot;_animation&quot;:&quot;none&quot;,&quot;_animation_delay&quot;:300}\" data-widget_type=\"heading.default\">\n\t\t\t\t<div class=\"elementor-widget-container\">\n\t\t\t\t\t<h2 class=\"elementor-heading-title elementor-size-default\">Este aviso legal regula el acceso y uso del sitio web www.venflexca.com, de conformidad con la legislaci\u00f3n vigente de la Rep\u00fablica Bolivariana de Venezuela.<\/h2>\t\t\t\t<\/div>\n\t\t\t\t<\/div>\n\t\t\t\t<div class=\"elementor-element elementor-element-dc51384 elementor-widget-divider--view-line elementor-widget elementor-widget-divider\" data-id=\"dc51384\" data-element_type=\"widget\" data-widget_type=\"divider.default\">\n\t\t\t\t<div class=\"elementor-widget-container\">\n\t\t\t\t\t\t\t<div class=\"elementor-divider\">\n\t\t\t<span class=\"elementor-divider-separator\">\n\t\t\t\t\t\t<\/span>\n\t\t<\/div>\n\t\t\t\t\t\t<\/div>\n\t\t\t\t<\/div>\n\t\t<div class=\"elementor-element elementor-element-7162050 e-con-full e-flex e-con e-child\" data-id=\"7162050\" data-element_type=\"container\">\n\t\t\t\t<div class=\"elementor-element elementor-element-8d6d864 elementor-widget elementor-widget-heading\" data-id=\"8d6d864\" data-element_type=\"widget\" id=\"informacion_titular_del_sitio_web\" data-settings=\"{&quot;_animation&quot;:&quot;none&quot;,&quot;_animation_delay&quot;:300}\" data-widget_type=\"heading.default\">\n\t\t\t\t<div class=\"elementor-widget-container\">\n\t\t\t\t\t<h2 class=\"elementor-heading-title elementor-size-default\">1. Informaci\u00f3n del titular del sitio web<\/h2>\t\t\t\t<\/div>\n\t\t\t\t<\/div>\n\t\t\t\t<div class=\"elementor-element elementor-element-bda8a48 elementor-widget elementor-widget-text-editor\" data-id=\"bda8a48\" data-element_type=\"widget\" data-settings=\"{&quot;_animation&quot;:&quot;none&quot;,&quot;_animation_delay&quot;:400}\" data-widget_type=\"text-editor.default\">\n\t\t\t\t<div class=\"elementor-widget-container\">\n\t\t\t\t\t\t\t\t\t<ul><li class=\"\" data-start=\"666\" data-end=\"709\"><p class=\"\" data-start=\"668\" data-end=\"709\"><strong data-start=\"668\" data-end=\"693\">Nombre de la empresa:<\/strong> Venflex, C.A.<\/p><\/li><li class=\"\" data-start=\"710\" data-end=\"735\"><p class=\"\" data-start=\"712\" data-end=\"735\"><strong data-start=\"712\" data-end=\"720\">RIF:<\/strong> J-31062410-0<\/p><\/li><li class=\"\" data-start=\"736\" data-end=\"766\"><p class=\"\" data-start=\"738\" data-end=\"766\"><strong data-start=\"738\" data-end=\"759\">A\u00f1o de fundaci\u00f3n:<\/strong> 2003<\/p><\/li><li class=\"\" data-start=\"767\" data-end=\"882\"><p class=\"\" data-start=\"769\" data-end=\"882\"><strong data-start=\"769\" data-end=\"790\">Direcci\u00f3n fiscal:<\/strong> Urb. Ca\u00f1a de Az\u00facar, C.C. Ca\u00f1a de Az\u00facar, Galp\u00f3n 06, Maracay 2105, Edo. Aragua, Venezuela<\/p><\/li><li class=\"\" data-start=\"883\" data-end=\"929\"><p class=\"\" data-start=\"885\" data-end=\"929\"><strong data-start=\"885\" data-end=\"908\">Correo electr\u00f3nico:<\/strong> <a rel=\"noopener\" data-start=\"909\" data-end=\"927\">info@venflexca.com<\/a><\/p><\/li><li class=\"\" data-start=\"930\" data-end=\"975\"><p class=\"\" data-start=\"932\" data-end=\"975\"><strong data-start=\"932\" data-end=\"957\">Tel\u00e9fono de contacto:<\/strong> +58 414 5889503<\/p><\/li><li class=\"\" data-start=\"976\" data-end=\"1010\"><p class=\"\" data-start=\"978\" data-end=\"1010\"><strong data-start=\"978\" data-end=\"992\">Sitio web:<\/strong> <a class=\"\" href=\"http:\/\/www.venflexca.com\" target=\"_new\" rel=\"noopener\" data-start=\"993\" data-end=\"1010\">www.venflexca.com<\/a><\/p><\/li><\/ul>\t\t\t\t\t\t\t\t<\/div>\n\t\t\t\t<\/div>\n\t\t\t\t<\/div>\n\t\t<div class=\"elementor-element elementor-element-c9ef39f e-con-full e-flex e-con e-child\" data-id=\"c9ef39f\" data-element_type=\"container\">\n\t\t\t\t<div class=\"elementor-element elementor-element-0192c2e elementor-widget elementor-widget-heading\" data-id=\"0192c2e\" data-element_type=\"widget\" id=\"objeto_del_sitio_web\" data-settings=\"{&quot;_animation&quot;:&quot;none&quot;,&quot;_animation_delay&quot;:300}\" data-widget_type=\"heading.default\">\n\t\t\t\t<div class=\"elementor-widget-container\">\n\t\t\t\t\t<h2 class=\"elementor-heading-title elementor-size-default\">2. Objeto del sitio web<\/h2>\t\t\t\t<\/div>\n\t\t\t\t<\/div>\n\t\t\t\t<div class=\"elementor-element elementor-element-0a18190 elementor-widget elementor-widget-text-editor\" data-id=\"0a18190\" data-element_type=\"widget\" data-settings=\"{&quot;_animation&quot;:&quot;none&quot;,&quot;_animation_delay&quot;:400}\" data-widget_type=\"text-editor.default\">\n\t\t\t\t<div class=\"elementor-widget-container\">\n\t\t\t\t\t\t\t\t\t<p class=\"\" data-start=\"1341\" data-end=\"1643\">El sitio web <a class=\"\" href=\"http:\/\/www.venflexca.com\" target=\"_new\" rel=\"noopener\" data-start=\"1059\" data-end=\"1076\">www.venflexca.com<\/a> tiene como finalidad brindar informaci\u00f3n institucional y t\u00e9cnica sobre los servicios de preimpresi\u00f3n que ofrece Venflex, C.A., as\u00ed como facilitar canales de contacto directo con la empresa. No se realiza actividad comercial directa ni contrataciones desde esta plataforma.<\/p>\t\t\t\t\t\t\t\t<\/div>\n\t\t\t\t<\/div>\n\t\t\t\t<\/div>\n\t\t<div class=\"elementor-element elementor-element-a914263 e-con-full e-flex e-con e-child\" data-id=\"a914263\" data-element_type=\"container\">\n\t\t\t\t<div class=\"elementor-element elementor-element-c9cbecd elementor-widget elementor-widget-heading\" data-id=\"c9cbecd\" data-element_type=\"widget\" id=\"legislacion_aplicable_jurisdiccion\" data-settings=\"{&quot;_animation&quot;:&quot;none&quot;,&quot;_animation_delay&quot;:300}\" data-widget_type=\"heading.default\">\n\t\t\t\t<div class=\"elementor-widget-container\">\n\t\t\t\t\t<h2 class=\"elementor-heading-title elementor-size-default\">3. Legislaci\u00f3n aplicable y jurisdicci\u00f3n<\/h2>\t\t\t\t<\/div>\n\t\t\t\t<\/div>\n\t\t\t\t<div class=\"elementor-element elementor-element-75b9ee2 elementor-widget elementor-widget-text-editor\" data-id=\"75b9ee2\" data-element_type=\"widget\" data-settings=\"{&quot;_animation&quot;:&quot;none&quot;,&quot;_animation_delay&quot;:400}\" data-widget_type=\"text-editor.default\">\n\t\t\t\t<div class=\"elementor-widget-container\">\n\t\t\t\t\t\t\t\t\t<p class=\"\" data-start=\"686\" data-end=\"930\">Este Aviso Legal se rige por las leyes de la Rep\u00fablica Bolivariana de Venezuela. En caso de conflicto legal relacionado con este sitio web, las partes se someten a la jurisdicci\u00f3n de los tribunales ordinarios competentes del Estado Aragua.<\/p>\t\t\t\t\t\t\t\t<\/div>\n\t\t\t\t<\/div>\n\t\t\t\t<\/div>\n\t\t<div class=\"elementor-element elementor-element-0383f66 e-con-full e-flex e-con e-child\" data-id=\"0383f66\" data-element_type=\"container\">\n\t\t\t\t<div class=\"elementor-element elementor-element-c5a9e50 elementor-widget elementor-widget-heading\" data-id=\"c5a9e50\" data-element_type=\"widget\" id=\"contacto\" data-settings=\"{&quot;_animation&quot;:&quot;none&quot;,&quot;_animation_delay&quot;:300}\" data-widget_type=\"heading.default\">\n\t\t\t\t<div class=\"elementor-widget-container\">\n\t\t\t\t\t<h2 class=\"elementor-heading-title elementor-size-default\">4. Contacto<\/h2>\t\t\t\t<\/div>\n\t\t\t\t<\/div>\n\t\t\t\t<div class=\"elementor-element elementor-element-7b7fa97 elementor-widget elementor-widget-text-editor\" data-id=\"7b7fa97\" data-element_type=\"widget\" data-settings=\"{&quot;_animation&quot;:&quot;none&quot;,&quot;_animation_delay&quot;:400}\" data-widget_type=\"text-editor.default\">\n\t\t\t\t<div class=\"elementor-widget-container\">\n\t\t\t\t\t\t\t\t\t<p class=\"\" data-start=\"3310\" data-end=\"3490\">Si tiene preguntas relacionadas con este aviso legal o con el uso del sitio web, puede escribirnos a:<\/p><p class=\"\" data-start=\"3492\" data-end=\"3641\">Correo electr\u00f3nico: info@venflexca.com<br data-start=\"3549\" data-end=\"3552\" \/>Tel\u00e9fono: +58 414 586 9393<br data-start=\"3599\" data-end=\"3602\" \/>Direcci\u00f3n: Urb Ca\u00f1a de Az\u00facar, C.C. Ca\u00f1a de Az\u00facar, Galp\u00f3n 06, Maracay 2105, Aragua, Venezuela<\/p><p class=\"\" data-start=\"3643\" data-end=\"3703\">Nos esforzaremos por responder su consulta lo antes posible.<\/p>\t\t\t\t\t\t\t\t<\/div>\n\t\t\t\t<\/div>\n\t\t\t\t<\/div>\n\t\t\t\t<\/div>\n\t\t\t\t\t<\/div>\n\t\t\t\t<\/div>\n\t\t\t\t<\/div>\n\t\t","protected":false},"excerpt":{"rendered":"<p>Centro de pol\u00edticas Esta p\u00e1gina contiene el aviso legal de Venflex, C.A., incluyendo la informaci\u00f3n del titular del sitio web y el marco legal que regula su uso. T\u00e9rminos y Condiciones Pol\u00edtica de Privacidad Pol\u00edtica de Cookies Aviso Legal Men\u00fa 1. Informaci\u00f3n del titular del sitio web 2. Objeto del sitio web 3. Legislaci\u00f3n aplicable [&hellip;]<\/p>\n","protected":false},"author":1,"featured_media":0,"parent":0,"menu_order":12,"comment_status":"closed","ping_status":"closed","template":"","meta":{"_acf_changed":false,"inline_featured_image":false,"footnotes":""},"class_list":["post-52","page","type-page","status-publish","hentry"],"acf":[],"_links":{"self":[{"href":"https:\/\/www.consularsa.com.ar\/index.php?rest_route=\/wp\/v2\/pages\/52","targetHints":{"allow":["GET"]}}],"collection":[{"href":"https:\/\/www.consularsa.com.ar\/index.php?rest_route=\/wp\/v2\/pages"}],"about":[{"href":"https:\/\/www.consularsa.com.ar\/index.php?rest_route=\/wp\/v2\/types\/page"}],"author":[{"embeddable":true,"href":"https:\/\/www.consularsa.com.ar\/index.php?rest_route=\/wp\/v2\/users\/1"}],"replies":[{"embeddable":true,"href":"https:\/\/www.consularsa.com.ar\/index.php?rest_route=%2Fwp%2Fv2%2Fcomments&post=52"}],"version-history":[{"count":55,"href":"https:\/\/www.consularsa.com.ar\/index.php?rest_route=\/wp\/v2\/pages\/52\/revisions"}],"predecessor-version":[{"id":1672,"href":"https:\/\/www.consularsa.com.ar\/index.php?rest_route=\/wp\/v2\/pages\/52\/revisions\/1672"}],"wp:attachment":[{"href":"https:\/\/www.consularsa.com.ar\/index.php?rest_route=%2Fwp%2Fv2%2Fmedia&parent=52"}],"curies":[{"name":"wp","href":"https:\/\/api.w.org\/{rel}","templated":true}]}}