{"id":50,"date":"2025-04-01T23:25:21","date_gmt":"2025-04-01T23:25:21","guid":{"rendered":"https:\/\/consular.digitally.club\/?page_id=50"},"modified":"2025-08-08T21:16:00","modified_gmt":"2025-08-08T21:16:00","slug":"politica-de-cookies","status":"publish","type":"page","link":"https:\/\/www.consularsa.com.ar\/?page_id=50","title":{"rendered":"Pol\u00edtica de Cookies"},"content":{"rendered":"\t\t<div data-elementor-type=\"wp-page\" data-elementor-id=\"50\" class=\"elementor elementor-50\" data-elementor-post-type=\"page\">\n\t\t\t\t<div class=\"elementor-element elementor-element-6556b48 e-flex e-con-boxed e-con e-child\" data-id=\"6556b48\" data-element_type=\"container\" data-settings=\"{&quot;background_background&quot;:&quot;classic&quot;}\">\n\t\t\t\t\t<div class=\"e-con-inner\">\n\t\t<div class=\"elementor-element elementor-element-80b5919 animated-fast e-con-full e-flex elementor-invisible e-con e-child\" data-id=\"80b5919\" data-element_type=\"container\" data-settings=\"{&quot;animation&quot;:&quot;fadeIn&quot;,&quot;animation_delay&quot;:100}\">\n\t\t\t\t<div class=\"elementor-element elementor-element-0a1157d elementor-widget elementor-widget-heading\" data-id=\"0a1157d\" data-element_type=\"widget\" data-widget_type=\"heading.default\">\n\t\t\t\t<div class=\"elementor-widget-container\">\n\t\t\t\t\t<div class=\"elementor-heading-title elementor-size-default\">Centro de pol\u00edticas<\/div>\t\t\t\t<\/div>\n\t\t\t\t<\/div>\n\t\t\t\t<div class=\"elementor-element elementor-element-18fdbf2 elementor-widget elementor-widget-heading\" data-id=\"18fdbf2\" data-element_type=\"widget\" data-widget_type=\"heading.default\">\n\t\t\t\t<div class=\"elementor-widget-container\">\n\t\t\t\t\t<h1 class=\"elementor-heading-title elementor-size-default\">Pol\u00edtica de Cookies<\/h1>\t\t\t\t<\/div>\n\t\t\t\t<\/div>\n\t\t\t\t<div class=\"elementor-element elementor-element-5521488 elementor-widget elementor-widget-text-editor\" data-id=\"5521488\" data-element_type=\"widget\" data-widget_type=\"text-editor.default\">\n\t\t\t\t<div class=\"elementor-widget-container\">\n\t\t\t\t\t\t\t\t\t<p>En este apartado, explicaremos de manera clara y concisa qu\u00e9 son las cookies, c\u00f3mo las utilizamos en nuestro sitio web y qu\u00e9 opciones tienes como usuario para controlar su uso.<\/p>\t\t\t\t\t\t\t\t<\/div>\n\t\t\t\t<\/div>\n\t\t\t\t<\/div>\n\t\t\t\t<div class=\"elementor-element elementor-element-aa97823 elementor-absolute e-transform elementor-widget elementor-widget-image\" data-id=\"aa97823\" data-element_type=\"widget\" data-settings=\"{&quot;_position&quot;:&quot;absolute&quot;,&quot;_transform_rotateZ_effect&quot;:{&quot;unit&quot;:&quot;px&quot;,&quot;size&quot;:-10,&quot;sizes&quot;:[]},&quot;_transform_rotateZ_effect_laptop&quot;:{&quot;unit&quot;:&quot;deg&quot;,&quot;size&quot;:&quot;&quot;,&quot;sizes&quot;:[]},&quot;_transform_rotateZ_effect_tablet_extra&quot;:{&quot;unit&quot;:&quot;deg&quot;,&quot;size&quot;:&quot;&quot;,&quot;sizes&quot;:[]},&quot;_transform_rotateZ_effect_tablet&quot;:{&quot;unit&quot;:&quot;deg&quot;,&quot;size&quot;:&quot;&quot;,&quot;sizes&quot;:[]},&quot;_transform_rotateZ_effect_mobile&quot;:{&quot;unit&quot;:&quot;deg&quot;,&quot;size&quot;:&quot;&quot;,&quot;sizes&quot;:[]}}\" data-widget_type=\"image.default\">\n\t\t\t\t<div class=\"elementor-widget-container\">\n\t\t\t\t\t\t\t\t\t\t\t\t\t\t\t<img fetchpriority=\"high\" decoding=\"async\" width=\"1170\" height=\"605\" src=\"https:\/\/www.consularsa.com.ar\/wp-content\/uploads\/consular-logo-simbolo.png\" class=\"attachment-full size-full wp-image-1579\" alt=\"\" srcset=\"https:\/\/www.consularsa.com.ar\/wp-content\/uploads\/consular-logo-simbolo.png 1170w, https:\/\/www.consularsa.com.ar\/wp-content\/uploads\/consular-logo-simbolo-768x397.png 768w\" sizes=\"(max-width: 1170px) 100vw, 1170px\" \/>\t\t\t\t\t\t\t\t\t\t\t\t\t\t\t<\/div>\n\t\t\t\t<\/div>\n\t\t\t\t\t<\/div>\n\t\t\t\t<\/div>\n\t\t<div class=\"elementor-element elementor-element-1595938 e-con-full animated-fast e-flex elementor-invisible e-con e-parent\" data-id=\"1595938\" data-element_type=\"container\" data-settings=\"{&quot;sticky&quot;:&quot;top&quot;,&quot;sticky_offset_tablet_extra&quot;:0,&quot;sticky_offset_tablet&quot;:0,&quot;sticky_offset_mobile&quot;:0,&quot;sticky_parent&quot;:&quot;yes&quot;,&quot;animation&quot;:&quot;fadeIn&quot;,&quot;animation_delay&quot;:100,&quot;sticky_offset_laptop&quot;:0,&quot;background_background&quot;:&quot;classic&quot;,&quot;sticky_anchor_link_offset&quot;:100,&quot;sticky_on&quot;:[&quot;desktop&quot;,&quot;laptop&quot;,&quot;tablet_extra&quot;,&quot;tablet&quot;,&quot;mobile&quot;],&quot;sticky_offset&quot;:0,&quot;sticky_effects_offset&quot;:0}\">\n\t\t<div class=\"elementor-element elementor-element-16fda1c e-flex e-con-boxed e-con e-child\" data-id=\"16fda1c\" data-element_type=\"container\" data-settings=\"{&quot;background_background&quot;:&quot;classic&quot;}\">\n\t\t\t\t\t<div class=\"e-con-inner\">\n\t\t<div class=\"elementor-element elementor-element-70eef4e e-con-full e-flex e-con e-child\" data-id=\"70eef4e\" data-element_type=\"container\" data-settings=\"{&quot;background_background&quot;:&quot;classic&quot;}\">\n\t\t\t\t<div class=\"elementor-element elementor-element-60a8e40 elementor-align-left elementor-widget elementor-widget-button\" data-id=\"60a8e40\" data-element_type=\"widget\" data-widget_type=\"button.default\">\n\t\t\t\t<div class=\"elementor-widget-container\">\n\t\t\t\t\t\t\t\t\t<div class=\"elementor-button-wrapper\">\n\t\t\t\t\t<a class=\"elementor-button elementor-button-link elementor-size-sm\" href=\"https:\/\/www.consularsa.com.ar\/?page_id=46\">\n\t\t\t\t\t\t<span class=\"elementor-button-content-wrapper\">\n\t\t\t\t\t\t\t\t\t<span class=\"elementor-button-text\">T\u00e9rminos y Condiciones<\/span>\n\t\t\t\t\t<\/span>\n\t\t\t\t\t<\/a>\n\t\t\t\t<\/div>\n\t\t\t\t\t\t\t\t<\/div>\n\t\t\t\t<\/div>\n\t\t\t\t<div class=\"elementor-element elementor-element-83f5352 elementor-align-left elementor-widget elementor-widget-button\" data-id=\"83f5352\" data-element_type=\"widget\" data-widget_type=\"button.default\">\n\t\t\t\t<div class=\"elementor-widget-container\">\n\t\t\t\t\t\t\t\t\t<div class=\"elementor-button-wrapper\">\n\t\t\t\t\t<a class=\"elementor-button elementor-button-link elementor-size-sm\" href=\"https:\/\/www.consularsa.com.ar\/?page_id=48\">\n\t\t\t\t\t\t<span class=\"elementor-button-content-wrapper\">\n\t\t\t\t\t\t\t\t\t<span class=\"elementor-button-text\">Pol\u00edtica de Privacidad<\/span>\n\t\t\t\t\t<\/span>\n\t\t\t\t\t<\/a>\n\t\t\t\t<\/div>\n\t\t\t\t\t\t\t\t<\/div>\n\t\t\t\t<\/div>\n\t\t\t\t<div class=\"elementor-element elementor-element-86ae40c elementor-align-left elementor-widget elementor-widget-button\" data-id=\"86ae40c\" data-element_type=\"widget\" data-widget_type=\"button.default\">\n\t\t\t\t<div class=\"elementor-widget-container\">\n\t\t\t\t\t\t\t\t\t<div class=\"elementor-button-wrapper\">\n\t\t\t\t\t<a class=\"elementor-button elementor-button-link elementor-size-sm\" href=\"https:\/\/www.consularsa.com.ar\/?page_id=50\">\n\t\t\t\t\t\t<span class=\"elementor-button-content-wrapper\">\n\t\t\t\t\t\t\t\t\t<span class=\"elementor-button-text\">Pol\u00edtica de Cookies<\/span>\n\t\t\t\t\t<\/span>\n\t\t\t\t\t<\/a>\n\t\t\t\t<\/div>\n\t\t\t\t\t\t\t\t<\/div>\n\t\t\t\t<\/div>\n\t\t\t\t<div class=\"elementor-element elementor-element-676a2ac elementor-align-left elementor-widget elementor-widget-button\" data-id=\"676a2ac\" data-element_type=\"widget\" data-widget_type=\"button.default\">\n\t\t\t\t<div class=\"elementor-widget-container\">\n\t\t\t\t\t\t\t\t\t<div class=\"elementor-button-wrapper\">\n\t\t\t\t\t<a class=\"elementor-button elementor-button-link elementor-size-sm\" href=\"https:\/\/www.consularsa.com.ar\/?page_id=52\">\n\t\t\t\t\t\t<span class=\"elementor-button-content-wrapper\">\n\t\t\t\t\t\t\t\t\t<span class=\"elementor-button-text\">Aviso Legal<\/span>\n\t\t\t\t\t<\/span>\n\t\t\t\t\t<\/a>\n\t\t\t\t<\/div>\n\t\t\t\t\t\t\t\t<\/div>\n\t\t\t\t<\/div>\n\t\t\t\t<\/div>\n\t\t\t\t\t<\/div>\n\t\t\t\t<\/div>\n\t\t\t\t<div class=\"elementor-element elementor-element-586e5f7 elementor-widget elementor-widget-progress-tracker\" data-id=\"586e5f7\" data-element_type=\"widget\" data-settings=\"{&quot;type&quot;:&quot;horizontal&quot;,&quot;relative_to&quot;:&quot;entire_page&quot;,&quot;percentage&quot;:&quot;no&quot;}\" data-widget_type=\"progress-tracker.default\">\n\t\t\t\t<div class=\"elementor-widget-container\">\n\t\t\t\t\t\n\t\t<div class=\"elementor-scrolling-tracker elementor-scrolling-tracker-horizontal elementor-scrolling-tracker-alignment-\">\n\t\t\t\t\t\t<div class=\"current-progress\">\n\t\t\t\t\t<div class=\"current-progress-percentage\"><\/div>\n\t\t\t\t<\/div>\n\t\t\t\t<\/div>\n\t\t\t\t\t\t<\/div>\n\t\t\t\t<\/div>\n\t\t\t\t<\/div>\n\t\t<div class=\"elementor-element elementor-element-848f94e animated-fast e-flex e-con-boxed elementor-invisible e-con e-parent\" data-id=\"848f94e\" data-element_type=\"container\" data-settings=\"{&quot;background_background&quot;:&quot;classic&quot;,&quot;animation&quot;:&quot;fadeIn&quot;,&quot;animation_delay&quot;:100}\">\n\t\t\t\t\t<div class=\"e-con-inner\">\n\t\t<div class=\"elementor-element elementor-element-56e35af e-con-full e-flex e-con e-child\" data-id=\"56e35af\" data-element_type=\"container\">\n\t\t<div class=\"elementor-element elementor-element-c105282 e-con-full e-flex elementor-invisible e-con e-child\" data-id=\"c105282\" data-element_type=\"container\" data-settings=\"{&quot;background_background&quot;:&quot;classic&quot;,&quot;animation&quot;:&quot;fadeIn&quot;,&quot;animation_delay&quot;:100,&quot;sticky_offset&quot;:52,&quot;sticky_on&quot;:[&quot;desktop&quot;,&quot;laptop&quot;,&quot;tablet_extra&quot;,&quot;tablet&quot;],&quot;sticky_offset_tablet_extra&quot;:130,&quot;sticky&quot;:&quot;top&quot;,&quot;sticky_parent&quot;:&quot;yes&quot;,&quot;sticky_effects_offset&quot;:0,&quot;sticky_anchor_link_offset&quot;:0}\">\n\t\t\t\t<div class=\"elementor-element elementor-element-91247e0 elementor-widget elementor-widget-heading\" data-id=\"91247e0\" data-element_type=\"widget\" data-settings=\"{&quot;_animation&quot;:&quot;none&quot;,&quot;_animation_delay&quot;:300}\" data-widget_type=\"heading.default\">\n\t\t\t\t<div class=\"elementor-widget-container\">\n\t\t\t\t\t<div class=\"elementor-heading-title elementor-size-default\">Men\u00fa<\/div>\t\t\t\t<\/div>\n\t\t\t\t<\/div>\n\t\t\t\t<div class=\"elementor-element elementor-element-4a307e3 elementor-icon-list--layout-traditional elementor-list-item-link-full_width elementor-widget elementor-widget-icon-list\" data-id=\"4a307e3\" data-element_type=\"widget\" data-widget_type=\"icon-list.default\">\n\t\t\t\t<div class=\"elementor-widget-container\">\n\t\t\t\t\t\t\t<ul class=\"elementor-icon-list-items\">\n\t\t\t\t\t\t\t<li class=\"elementor-icon-list-item\">\n\t\t\t\t\t\t\t\t\t\t\t<a href=\"#que_son_las_cookies\">\n\n\t\t\t\t\t\t\t\t\t\t\t<span class=\"elementor-icon-list-text\">1. \u00bfQu\u00e9 son las cookies?<\/span>\n\t\t\t\t\t\t\t\t\t\t\t<\/a>\n\t\t\t\t\t\t\t\t\t<\/li>\n\t\t\t\t\t\t\t\t<li class=\"elementor-icon-list-item\">\n\t\t\t\t\t\t\t\t\t\t\t<a href=\"#que_cookies_utilizamos_en_nuestro_sitio_web\">\n\n\t\t\t\t\t\t\t\t\t\t\t<span class=\"elementor-icon-list-text\">2. \u00bfQu\u00e9 cookies utilizamos en nuestro sitio web?<\/span>\n\t\t\t\t\t\t\t\t\t\t\t<\/a>\n\t\t\t\t\t\t\t\t\t<\/li>\n\t\t\t\t\t\t\t\t<li class=\"elementor-icon-list-item\">\n\t\t\t\t\t\t\t\t\t\t\t<a href=\"#como_puede_controlar_las_cookies\">\n\n\t\t\t\t\t\t\t\t\t\t\t<span class=\"elementor-icon-list-text\">3. \u00bfC\u00f3mo puede controlar las cookies?<\/span>\n\t\t\t\t\t\t\t\t\t\t\t<\/a>\n\t\t\t\t\t\t\t\t\t<\/li>\n\t\t\t\t\t\t\t\t<li class=\"elementor-icon-list-item\">\n\t\t\t\t\t\t\t\t\t\t\t<a href=\"#modificaciones\">\n\n\t\t\t\t\t\t\t\t\t\t\t<span class=\"elementor-icon-list-text\">4. Modificaciones<\/span>\n\t\t\t\t\t\t\t\t\t\t\t<\/a>\n\t\t\t\t\t\t\t\t\t<\/li>\n\t\t\t\t\t\t\t\t<li class=\"elementor-icon-list-item\">\n\t\t\t\t\t\t\t\t\t\t\t<a href=\"#contacto\">\n\n\t\t\t\t\t\t\t\t\t\t\t<span class=\"elementor-icon-list-text\">5. Contacto<\/span>\n\t\t\t\t\t\t\t\t\t\t\t<\/a>\n\t\t\t\t\t\t\t\t\t<\/li>\n\t\t\t\t\t\t<\/ul>\n\t\t\t\t\t\t<\/div>\n\t\t\t\t<\/div>\n\t\t\t\t<\/div>\n\t\t\t\t<\/div>\n\t\t<div class=\"elementor-element elementor-element-53a94d1 e-con-full e-flex e-con e-child\" data-id=\"53a94d1\" data-element_type=\"container\">\n\t\t\t\t<div class=\"elementor-element elementor-element-de57098 elementor-widget elementor-widget-heading\" data-id=\"de57098\" data-element_type=\"widget\" data-settings=\"{&quot;_animation&quot;:&quot;none&quot;,&quot;_animation_delay&quot;:300}\" data-widget_type=\"heading.default\">\n\t\t\t\t<div class=\"elementor-widget-container\">\n\t\t\t\t\t<h2 class=\"elementor-heading-title elementor-size-default\">En el sitio web de Venflex, C.A., utilizamos cookies para mejorar la experiencia del usuario, analizar el uso del sitio y mostrar contenido m\u00e1s relevante. A continuaci\u00f3n, le explicamos qu\u00e9 son las cookies, qu\u00e9 tipo utilizamos y c\u00f3mo puede gestionarlas.<\/h2>\t\t\t\t<\/div>\n\t\t\t\t<\/div>\n\t\t\t\t<div class=\"elementor-element elementor-element-910de03 elementor-widget-divider--view-line elementor-widget elementor-widget-divider\" data-id=\"910de03\" data-element_type=\"widget\" data-widget_type=\"divider.default\">\n\t\t\t\t<div class=\"elementor-widget-container\">\n\t\t\t\t\t\t\t<div class=\"elementor-divider\">\n\t\t\t<span class=\"elementor-divider-separator\">\n\t\t\t\t\t\t<\/span>\n\t\t<\/div>\n\t\t\t\t\t\t<\/div>\n\t\t\t\t<\/div>\n\t\t<div class=\"elementor-element elementor-element-b600e9f e-con-full e-flex e-con e-child\" data-id=\"b600e9f\" data-element_type=\"container\">\n\t\t\t\t<div class=\"elementor-element elementor-element-52e65ae elementor-widget elementor-widget-heading\" data-id=\"52e65ae\" data-element_type=\"widget\" id=\"que_son_las_cookies\" data-settings=\"{&quot;_animation&quot;:&quot;none&quot;,&quot;_animation_delay&quot;:300}\" data-widget_type=\"heading.default\">\n\t\t\t\t<div class=\"elementor-widget-container\">\n\t\t\t\t\t<h2 class=\"elementor-heading-title elementor-size-default\">1. \u00bfQu\u00e9 son las cookies?<\/h2>\t\t\t\t<\/div>\n\t\t\t\t<\/div>\n\t\t\t\t<div class=\"elementor-element elementor-element-814b72c elementor-widget elementor-widget-text-editor\" data-id=\"814b72c\" data-element_type=\"widget\" data-settings=\"{&quot;_animation&quot;:&quot;none&quot;,&quot;_animation_delay&quot;:400}\" data-widget_type=\"text-editor.default\">\n\t\t\t\t<div class=\"elementor-widget-container\">\n\t\t\t\t\t\t\t\t\t<p class=\"\" data-start=\"895\" data-end=\"1100\">Las cookies son peque\u00f1os archivos de texto que se almacenan en su dispositivo cuando visita un sitio web. Sirven para recordar sus preferencias, registrar su actividad y mejorar la funcionalidad del sitio.<\/p><p class=\"\" data-start=\"1102\" data-end=\"1247\">Algunas cookies son esenciales para el funcionamiento t\u00e9cnico del sitio web, mientras que otras se utilizan con fines anal\u00edticos o publicitarios.<\/p>\t\t\t\t\t\t\t\t<\/div>\n\t\t\t\t<\/div>\n\t\t\t\t<\/div>\n\t\t<div class=\"elementor-element elementor-element-44e9692 e-con-full e-flex e-con e-child\" data-id=\"44e9692\" data-element_type=\"container\">\n\t\t\t\t<div class=\"elementor-element elementor-element-cabb754 elementor-widget elementor-widget-heading\" data-id=\"cabb754\" data-element_type=\"widget\" id=\"que_cookies_utilizamos_en_nuestro_sitio_web\" data-settings=\"{&quot;_animation&quot;:&quot;none&quot;,&quot;_animation_delay&quot;:300}\" data-widget_type=\"heading.default\">\n\t\t\t\t<div class=\"elementor-widget-container\">\n\t\t\t\t\t<h2 class=\"elementor-heading-title elementor-size-default\">2. \u00bfQu\u00e9 cookies utilizamos en nuestro sitio web?<\/h2>\t\t\t\t<\/div>\n\t\t\t\t<\/div>\n\t\t\t\t<div class=\"elementor-element elementor-element-f5ceec3 elementor-widget elementor-widget-text-editor\" data-id=\"f5ceec3\" data-element_type=\"widget\" data-settings=\"{&quot;_animation&quot;:&quot;none&quot;,&quot;_animation_delay&quot;:400}\" data-widget_type=\"text-editor.default\">\n\t\t\t\t<div class=\"elementor-widget-container\">\n\t\t\t\t\t\t\t\t\t<p>En venflexca.com utilizamos los siguientes tipos de cookies:<\/p><p><strong>a) Cookies esenciales (WordPress)<\/strong><br \/>Estas cookies permiten el correcto funcionamiento del sitio y de herramientas como Elementor, Avada, Betheme o Divi. Pueden incluir:<\/p><ul><li>Cookies de sesi\u00f3n: identifican temporalmente al usuario.<\/li><li>Cookies de configuraci\u00f3n: recuerdan idioma u otras preferencias.<\/li><li>Cookies de comentarios (si aplica): guardan datos del usuario al dejar comentarios.<\/li><li>Cookies de autenticaci\u00f3n (si hay \u00e1rea privada): validan el acceso de usuarios registrados.<\/li><\/ul><p>\u00a0<\/p><p><strong>b) Cookies de an\u00e1lisis y rendimiento<\/strong><br \/>Estas cookies nos ayudan a entender c\u00f3mo los visitantes navegan por el sitio, qu\u00e9 p\u00e1ginas ven y de d\u00f3nde provienen. Utilizamos:<\/p><ul><li>Google Analytics<\/li><li>Hotjar (mapas de calor, scroll, clics)<\/li><li>Google Ads (etiquetas de conversi\u00f3n)<\/li><\/ul><p>\u00a0<\/p><p>c<strong>) Cookies de marketing<\/strong><br \/>Utilizadas para ofrecer publicidad m\u00e1s relevante y rastrear conversiones:<\/p><ul><li>Facebook Pixel<\/li><li>Google Ads remarketing<\/li><li>Estas cookies pueden rastrear su comportamiento en otros sitios web con fines publicitarios.<\/li><\/ul>\t\t\t\t\t\t\t\t<\/div>\n\t\t\t\t<\/div>\n\t\t\t\t<\/div>\n\t\t<div class=\"elementor-element elementor-element-497364e e-con-full e-flex e-con e-child\" data-id=\"497364e\" data-element_type=\"container\">\n\t\t\t\t<div class=\"elementor-element elementor-element-e38aacb elementor-widget elementor-widget-heading\" data-id=\"e38aacb\" data-element_type=\"widget\" id=\"como_puede_controlar_las_cookies\" data-settings=\"{&quot;_animation&quot;:&quot;none&quot;,&quot;_animation_delay&quot;:300}\" data-widget_type=\"heading.default\">\n\t\t\t\t<div class=\"elementor-widget-container\">\n\t\t\t\t\t<h2 class=\"elementor-heading-title elementor-size-default\">3. \u00bfC\u00f3mo puede controlar las cookies?<\/h2>\t\t\t\t<\/div>\n\t\t\t\t<\/div>\n\t\t\t\t<div class=\"elementor-element elementor-element-3fff952 elementor-widget elementor-widget-text-editor\" data-id=\"3fff952\" data-element_type=\"widget\" data-settings=\"{&quot;_animation&quot;:&quot;none&quot;,&quot;_animation_delay&quot;:400}\" data-widget_type=\"text-editor.default\">\n\t\t\t\t<div class=\"elementor-widget-container\">\n\t\t\t\t\t\t\t\t\t<p>Al ingresar por primera vez a nuestro sitio, ver\u00e1 un banner solicitando su consentimiento para el uso de cookies no esenciales. Usted puede:<\/p><ul><li>Aceptar o rechazar el uso de cookies desde el banner.<\/li><li>Configurar su navegador para bloquear o eliminar cookies.<\/li><li>Revisar y modificar su consentimiento en cualquier momento (si el banner lo permite).<\/li><\/ul><p>\u00a0<\/p><p><strong>Nota:<\/strong> Desactivar algunas cookies puede afectar el correcto funcionamiento del sitio o limitar ciertas funciones.<\/p>\t\t\t\t\t\t\t\t<\/div>\n\t\t\t\t<\/div>\n\t\t\t\t<\/div>\n\t\t<div class=\"elementor-element elementor-element-09ac5d5 e-con-full e-flex e-con e-child\" data-id=\"09ac5d5\" data-element_type=\"container\">\n\t\t\t\t<div class=\"elementor-element elementor-element-01ffa31 elementor-widget elementor-widget-heading\" data-id=\"01ffa31\" data-element_type=\"widget\" id=\"modificaciones\" data-settings=\"{&quot;_animation&quot;:&quot;none&quot;,&quot;_animation_delay&quot;:300}\" data-widget_type=\"heading.default\">\n\t\t\t\t<div class=\"elementor-widget-container\">\n\t\t\t\t\t<h2 class=\"elementor-heading-title elementor-size-default\">4. Modificaciones a las pol\u00edticas de cookies<\/h2>\t\t\t\t<\/div>\n\t\t\t\t<\/div>\n\t\t\t\t<div class=\"elementor-element elementor-element-793c88e elementor-widget elementor-widget-text-editor\" data-id=\"793c88e\" data-element_type=\"widget\" data-settings=\"{&quot;_animation&quot;:&quot;none&quot;,&quot;_animation_delay&quot;:400}\" data-widget_type=\"text-editor.default\">\n\t\t\t\t<div class=\"elementor-widget-container\">\n\t\t\t\t\t\t\t\t\t<p class=\"\" data-start=\"251\" data-end=\"506\">Podemos actualizar esta pol\u00edtica de cookies en cualquier momento. Le recomendamos revisarla peri\u00f3dicamente para estar al tanto de cualquier modificaci\u00f3n.<\/p>\t\t\t\t\t\t\t\t<\/div>\n\t\t\t\t<\/div>\n\t\t\t\t<\/div>\n\t\t<div class=\"elementor-element elementor-element-4447a63 e-con-full e-flex e-con e-child\" data-id=\"4447a63\" data-element_type=\"container\">\n\t\t\t\t<div class=\"elementor-element elementor-element-ee68855 elementor-widget elementor-widget-heading\" data-id=\"ee68855\" data-element_type=\"widget\" id=\"contacto\" data-settings=\"{&quot;_animation&quot;:&quot;none&quot;,&quot;_animation_delay&quot;:300}\" data-widget_type=\"heading.default\">\n\t\t\t\t<div class=\"elementor-widget-container\">\n\t\t\t\t\t<h2 class=\"elementor-heading-title elementor-size-default\">5. Contacto<\/h2>\t\t\t\t<\/div>\n\t\t\t\t<\/div>\n\t\t\t\t<div class=\"elementor-element elementor-element-0c7f6b4 elementor-widget elementor-widget-text-editor\" data-id=\"0c7f6b4\" data-element_type=\"widget\" data-settings=\"{&quot;_animation&quot;:&quot;none&quot;,&quot;_animation_delay&quot;:400}\" data-widget_type=\"text-editor.default\">\n\t\t\t\t<div class=\"elementor-widget-container\">\n\t\t\t\t\t\t\t\t\t<p class=\"\" data-start=\"3310\" data-end=\"3490\">Si tiene dudas sobre nuestra pol\u00edtica de cookies o desea ejercer sus derechos en relaci\u00f3n con sus datos, puede contactarnos en:<\/p><p class=\"\" data-start=\"3492\" data-end=\"3641\">Correo electr\u00f3nico: info@venflexca.com<br data-start=\"3549\" data-end=\"3552\" \/>Tel\u00e9fono: +58 414 586 9393<br data-start=\"3599\" data-end=\"3602\" \/>Direcci\u00f3n: Urb Ca\u00f1a de Az\u00facar, C.C. Ca\u00f1a de Az\u00facar, Galp\u00f3n 06, Maracay 2105, Aragua, Venezuela<\/p><p class=\"\" data-start=\"3643\" data-end=\"3703\">Nos esforzaremos por responder su consulta lo antes posible.<\/p>\t\t\t\t\t\t\t\t<\/div>\n\t\t\t\t<\/div>\n\t\t\t\t<\/div>\n\t\t\t\t<\/div>\n\t\t\t\t\t<\/div>\n\t\t\t\t<\/div>\n\t\t\t\t<\/div>\n\t\t","protected":false},"excerpt":{"rendered":"<p>Centro de pol\u00edticas En este apartado, explicaremos de manera clara y concisa qu\u00e9 son las cookies, c\u00f3mo las utilizamos en nuestro sitio web y qu\u00e9 opciones tienes como usuario para controlar su uso. T\u00e9rminos y Condiciones Pol\u00edtica de Privacidad Pol\u00edtica de Cookies Aviso Legal Men\u00fa 1. \u00bfQu\u00e9 son las cookies? 2. \u00bfQu\u00e9 cookies utilizamos en [&hellip;]<\/p>\n","protected":false},"author":1,"featured_media":0,"parent":0,"menu_order":11,"comment_status":"closed","ping_status":"closed","template":"","meta":{"_acf_changed":false,"inline_featured_image":false,"footnotes":""},"class_list":["post-50","page","type-page","status-publish","hentry"],"acf":[],"_links":{"self":[{"href":"https:\/\/www.consularsa.com.ar\/index.php?rest_route=\/wp\/v2\/pages\/50","targetHints":{"allow":["GET"]}}],"collection":[{"href":"https:\/\/www.consularsa.com.ar\/index.php?rest_route=\/wp\/v2\/pages"}],"about":[{"href":"https:\/\/www.consularsa.com.ar\/index.php?rest_route=\/wp\/v2\/types\/page"}],"author":[{"embeddable":true,"href":"https:\/\/www.consularsa.com.ar\/index.php?rest_route=\/wp\/v2\/users\/1"}],"replies":[{"embeddable":true,"href":"https:\/\/www.consularsa.com.ar\/index.php?rest_route=%2Fwp%2Fv2%2Fcomments&post=50"}],"version-history":[{"count":52,"href":"https:\/\/www.consularsa.com.ar\/index.php?rest_route=\/wp\/v2\/pages\/50\/revisions"}],"predecessor-version":[{"id":1669,"href":"https:\/\/www.consularsa.com.ar\/index.php?rest_route=\/wp\/v2\/pages\/50\/revisions\/1669"}],"wp:attachment":[{"href":"https:\/\/www.consularsa.com.ar\/index.php?rest_route=%2Fwp%2Fv2%2Fmedia&parent=50"}],"curies":[{"name":"wp","href":"https:\/\/api.w.org\/{rel}","templated":true}]}}