{"id":48,"date":"2025-04-01T23:25:09","date_gmt":"2025-04-01T23:25:09","guid":{"rendered":"https:\/\/consular.digitally.club\/?page_id=48"},"modified":"2025-08-05T10:14:03","modified_gmt":"2025-08-05T10:14:03","slug":"politica-de-privacidad","status":"publish","type":"page","link":"https:\/\/www.consularsa.com.ar\/?page_id=48","title":{"rendered":"Pol\u00edtica de Privacidad"},"content":{"rendered":"\t\t<div data-elementor-type=\"wp-page\" data-elementor-id=\"48\" class=\"elementor elementor-48\" data-elementor-post-type=\"page\">\n\t\t\t\t<div class=\"elementor-element elementor-element-f48315f e-flex e-con-boxed e-con e-child\" data-id=\"f48315f\" data-element_type=\"container\" data-settings=\"{&quot;background_background&quot;:&quot;classic&quot;}\">\n\t\t\t\t\t<div class=\"e-con-inner\">\n\t\t<div class=\"elementor-element elementor-element-d3d9332 animated-fast e-con-full e-flex elementor-invisible e-con e-child\" data-id=\"d3d9332\" data-element_type=\"container\" data-settings=\"{&quot;animation&quot;:&quot;fadeIn&quot;,&quot;animation_delay&quot;:100}\">\n\t\t\t\t<div class=\"elementor-element elementor-element-4c74d6d elementor-widget elementor-widget-heading\" data-id=\"4c74d6d\" data-element_type=\"widget\" data-widget_type=\"heading.default\">\n\t\t\t\t<div class=\"elementor-widget-container\">\n\t\t\t\t\t<div class=\"elementor-heading-title elementor-size-default\">Centro de pol\u00edticas<\/div>\t\t\t\t<\/div>\n\t\t\t\t<\/div>\n\t\t\t\t<div class=\"elementor-element elementor-element-058a9d3 elementor-widget elementor-widget-heading\" data-id=\"058a9d3\" data-element_type=\"widget\" data-widget_type=\"heading.default\">\n\t\t\t\t<div class=\"elementor-widget-container\">\n\t\t\t\t\t<h1 class=\"elementor-heading-title elementor-size-default\">Pol\u00edtica de Privacidad<\/h1>\t\t\t\t<\/div>\n\t\t\t\t<\/div>\n\t\t\t\t<div class=\"elementor-element elementor-element-d7a4af3 elementor-widget elementor-widget-text-editor\" data-id=\"d7a4af3\" data-element_type=\"widget\" data-widget_type=\"text-editor.default\">\n\t\t\t\t<div class=\"elementor-widget-container\">\n\t\t\t\t\t\t\t\t\t<p>Esta p\u00e1gina presenta nuestras pol\u00edticas de privacidad. Por favor, l\u00e9ala antes de ingresar datos en nuestro sitio web.<\/p>\t\t\t\t\t\t\t\t<\/div>\n\t\t\t\t<\/div>\n\t\t\t\t<\/div>\n\t\t\t\t<div class=\"elementor-element elementor-element-55e1007 elementor-absolute e-transform elementor-widget elementor-widget-image\" data-id=\"55e1007\" data-element_type=\"widget\" data-settings=\"{&quot;_position&quot;:&quot;absolute&quot;,&quot;_transform_rotateZ_effect&quot;:{&quot;unit&quot;:&quot;px&quot;,&quot;size&quot;:-10,&quot;sizes&quot;:[]},&quot;_transform_rotateZ_effect_laptop&quot;:{&quot;unit&quot;:&quot;deg&quot;,&quot;size&quot;:&quot;&quot;,&quot;sizes&quot;:[]},&quot;_transform_rotateZ_effect_tablet_extra&quot;:{&quot;unit&quot;:&quot;deg&quot;,&quot;size&quot;:&quot;&quot;,&quot;sizes&quot;:[]},&quot;_transform_rotateZ_effect_tablet&quot;:{&quot;unit&quot;:&quot;deg&quot;,&quot;size&quot;:&quot;&quot;,&quot;sizes&quot;:[]},&quot;_transform_rotateZ_effect_mobile&quot;:{&quot;unit&quot;:&quot;deg&quot;,&quot;size&quot;:&quot;&quot;,&quot;sizes&quot;:[]}}\" data-widget_type=\"image.default\">\n\t\t\t\t<div class=\"elementor-widget-container\">\n\t\t\t\t\t\t\t\t\t\t\t\t\t\t\t<img fetchpriority=\"high\" decoding=\"async\" width=\"1170\" height=\"605\" src=\"https:\/\/www.consularsa.com.ar\/wp-content\/uploads\/consular-logo-simbolo.png\" class=\"attachment-full size-full wp-image-1579\" alt=\"\" srcset=\"https:\/\/www.consularsa.com.ar\/wp-content\/uploads\/consular-logo-simbolo.png 1170w, https:\/\/www.consularsa.com.ar\/wp-content\/uploads\/consular-logo-simbolo-768x397.png 768w\" sizes=\"(max-width: 1170px) 100vw, 1170px\" \/>\t\t\t\t\t\t\t\t\t\t\t\t\t\t\t<\/div>\n\t\t\t\t<\/div>\n\t\t\t\t\t<\/div>\n\t\t\t\t<\/div>\n\t\t<div class=\"elementor-element elementor-element-850b02c e-con-full animated-fast e-flex elementor-invisible e-con e-parent\" data-id=\"850b02c\" data-element_type=\"container\" data-settings=\"{&quot;sticky&quot;:&quot;top&quot;,&quot;sticky_offset_tablet_extra&quot;:0,&quot;sticky_offset_tablet&quot;:0,&quot;sticky_offset_mobile&quot;:0,&quot;sticky_parent&quot;:&quot;yes&quot;,&quot;animation&quot;:&quot;fadeIn&quot;,&quot;animation_delay&quot;:100,&quot;sticky_offset_laptop&quot;:0,&quot;background_background&quot;:&quot;classic&quot;,&quot;sticky_anchor_link_offset&quot;:100,&quot;sticky_on&quot;:[&quot;desktop&quot;,&quot;laptop&quot;,&quot;tablet_extra&quot;,&quot;tablet&quot;,&quot;mobile&quot;],&quot;sticky_offset&quot;:0,&quot;sticky_effects_offset&quot;:0}\">\n\t\t<div class=\"elementor-element elementor-element-576ce1b e-flex e-con-boxed e-con e-child\" data-id=\"576ce1b\" data-element_type=\"container\" data-settings=\"{&quot;background_background&quot;:&quot;classic&quot;}\">\n\t\t\t\t\t<div class=\"e-con-inner\">\n\t\t<div class=\"elementor-element elementor-element-49423d3 e-con-full e-flex e-con e-child\" data-id=\"49423d3\" data-element_type=\"container\" data-settings=\"{&quot;background_background&quot;:&quot;classic&quot;}\">\n\t\t\t\t<div class=\"elementor-element elementor-element-dfc3c58 elementor-align-left elementor-widget elementor-widget-button\" data-id=\"dfc3c58\" data-element_type=\"widget\" data-widget_type=\"button.default\">\n\t\t\t\t<div class=\"elementor-widget-container\">\n\t\t\t\t\t\t\t\t\t<div class=\"elementor-button-wrapper\">\n\t\t\t\t\t<a class=\"elementor-button elementor-button-link elementor-size-sm\" href=\"https:\/\/www.consularsa.com.ar\/?page_id=46\">\n\t\t\t\t\t\t<span class=\"elementor-button-content-wrapper\">\n\t\t\t\t\t\t\t\t\t<span class=\"elementor-button-text\">T\u00e9rminos y Condiciones<\/span>\n\t\t\t\t\t<\/span>\n\t\t\t\t\t<\/a>\n\t\t\t\t<\/div>\n\t\t\t\t\t\t\t\t<\/div>\n\t\t\t\t<\/div>\n\t\t\t\t<div class=\"elementor-element elementor-element-ce611ab elementor-align-left elementor-widget elementor-widget-button\" data-id=\"ce611ab\" data-element_type=\"widget\" data-widget_type=\"button.default\">\n\t\t\t\t<div class=\"elementor-widget-container\">\n\t\t\t\t\t\t\t\t\t<div class=\"elementor-button-wrapper\">\n\t\t\t\t\t<a class=\"elementor-button elementor-button-link elementor-size-sm\" href=\"https:\/\/www.consularsa.com.ar\/?page_id=48\">\n\t\t\t\t\t\t<span class=\"elementor-button-content-wrapper\">\n\t\t\t\t\t\t\t\t\t<span class=\"elementor-button-text\">Pol\u00edtica de Privacidad<\/span>\n\t\t\t\t\t<\/span>\n\t\t\t\t\t<\/a>\n\t\t\t\t<\/div>\n\t\t\t\t\t\t\t\t<\/div>\n\t\t\t\t<\/div>\n\t\t\t\t<div class=\"elementor-element elementor-element-f359bfc elementor-align-left elementor-widget elementor-widget-button\" data-id=\"f359bfc\" data-element_type=\"widget\" data-widget_type=\"button.default\">\n\t\t\t\t<div class=\"elementor-widget-container\">\n\t\t\t\t\t\t\t\t\t<div class=\"elementor-button-wrapper\">\n\t\t\t\t\t<a class=\"elementor-button elementor-button-link elementor-size-sm\" href=\"https:\/\/www.consularsa.com.ar\/?page_id=50\">\n\t\t\t\t\t\t<span class=\"elementor-button-content-wrapper\">\n\t\t\t\t\t\t\t\t\t<span class=\"elementor-button-text\">Pol\u00edtica de Cookies<\/span>\n\t\t\t\t\t<\/span>\n\t\t\t\t\t<\/a>\n\t\t\t\t<\/div>\n\t\t\t\t\t\t\t\t<\/div>\n\t\t\t\t<\/div>\n\t\t\t\t<div class=\"elementor-element elementor-element-0f8ab86 elementor-align-left elementor-widget elementor-widget-button\" data-id=\"0f8ab86\" data-element_type=\"widget\" data-widget_type=\"button.default\">\n\t\t\t\t<div class=\"elementor-widget-container\">\n\t\t\t\t\t\t\t\t\t<div class=\"elementor-button-wrapper\">\n\t\t\t\t\t<a class=\"elementor-button elementor-button-link elementor-size-sm\" href=\"https:\/\/www.consularsa.com.ar\/?page_id=52\">\n\t\t\t\t\t\t<span class=\"elementor-button-content-wrapper\">\n\t\t\t\t\t\t\t\t\t<span class=\"elementor-button-text\">Aviso Legal<\/span>\n\t\t\t\t\t<\/span>\n\t\t\t\t\t<\/a>\n\t\t\t\t<\/div>\n\t\t\t\t\t\t\t\t<\/div>\n\t\t\t\t<\/div>\n\t\t\t\t<\/div>\n\t\t\t\t\t<\/div>\n\t\t\t\t<\/div>\n\t\t\t\t<div class=\"elementor-element elementor-element-1413f7d elementor-widget elementor-widget-progress-tracker\" data-id=\"1413f7d\" data-element_type=\"widget\" data-settings=\"{&quot;type&quot;:&quot;horizontal&quot;,&quot;relative_to&quot;:&quot;entire_page&quot;,&quot;percentage&quot;:&quot;no&quot;}\" data-widget_type=\"progress-tracker.default\">\n\t\t\t\t<div class=\"elementor-widget-container\">\n\t\t\t\t\t\n\t\t<div class=\"elementor-scrolling-tracker elementor-scrolling-tracker-horizontal elementor-scrolling-tracker-alignment-\">\n\t\t\t\t\t\t<div class=\"current-progress\">\n\t\t\t\t\t<div class=\"current-progress-percentage\"><\/div>\n\t\t\t\t<\/div>\n\t\t\t\t<\/div>\n\t\t\t\t\t\t<\/div>\n\t\t\t\t<\/div>\n\t\t\t\t<\/div>\n\t\t<div class=\"elementor-element elementor-element-c0c8fbe animated-fast e-flex e-con-boxed elementor-invisible e-con e-parent\" data-id=\"c0c8fbe\" data-element_type=\"container\" data-settings=\"{&quot;background_background&quot;:&quot;classic&quot;,&quot;animation&quot;:&quot;fadeIn&quot;,&quot;animation_delay&quot;:100}\">\n\t\t\t\t\t<div class=\"e-con-inner\">\n\t\t<div class=\"elementor-element elementor-element-c9cfb25 e-con-full e-flex e-con e-child\" data-id=\"c9cfb25\" data-element_type=\"container\">\n\t\t<div class=\"elementor-element elementor-element-0ac0160 e-con-full e-flex elementor-invisible e-con e-child\" data-id=\"0ac0160\" data-element_type=\"container\" data-settings=\"{&quot;background_background&quot;:&quot;classic&quot;,&quot;animation&quot;:&quot;fadeIn&quot;,&quot;animation_delay&quot;:100,&quot;sticky_offset&quot;:52,&quot;sticky_on&quot;:[&quot;desktop&quot;,&quot;laptop&quot;,&quot;tablet_extra&quot;,&quot;tablet&quot;],&quot;sticky_offset_tablet_extra&quot;:130,&quot;sticky&quot;:&quot;top&quot;,&quot;sticky_parent&quot;:&quot;yes&quot;,&quot;sticky_effects_offset&quot;:0,&quot;sticky_anchor_link_offset&quot;:0}\">\n\t\t\t\t<div class=\"elementor-element elementor-element-1bd4ffb elementor-widget elementor-widget-heading\" data-id=\"1bd4ffb\" data-element_type=\"widget\" data-settings=\"{&quot;_animation&quot;:&quot;none&quot;,&quot;_animation_delay&quot;:300}\" data-widget_type=\"heading.default\">\n\t\t\t\t<div class=\"elementor-widget-container\">\n\t\t\t\t\t<div class=\"elementor-heading-title elementor-size-default\">Men\u00fa<\/div>\t\t\t\t<\/div>\n\t\t\t\t<\/div>\n\t\t\t\t<div class=\"elementor-element elementor-element-93ce110 elementor-icon-list--layout-traditional elementor-list-item-link-full_width elementor-widget elementor-widget-icon-list\" data-id=\"93ce110\" data-element_type=\"widget\" data-widget_type=\"icon-list.default\">\n\t\t\t\t<div class=\"elementor-widget-container\">\n\t\t\t\t\t\t\t<ul class=\"elementor-icon-list-items\">\n\t\t\t\t\t\t\t<li class=\"elementor-icon-list-item\">\n\t\t\t\t\t\t\t\t\t\t\t<a href=\"#recopilacion_informacion\">\n\n\t\t\t\t\t\t\t\t\t\t\t<span class=\"elementor-icon-list-text\">1. Recopilaci\u00f3n de informaci\u00f3n<\/span>\n\t\t\t\t\t\t\t\t\t\t\t<\/a>\n\t\t\t\t\t\t\t\t\t<\/li>\n\t\t\t\t\t\t\t\t<li class=\"elementor-icon-list-item\">\n\t\t\t\t\t\t\t\t\t\t\t<a href=\"#uso_informacion\">\n\n\t\t\t\t\t\t\t\t\t\t\t<span class=\"elementor-icon-list-text\">2. Uso de la informaci\u00f3n<\/span>\n\t\t\t\t\t\t\t\t\t\t\t<\/a>\n\t\t\t\t\t\t\t\t\t<\/li>\n\t\t\t\t\t\t\t\t<li class=\"elementor-icon-list-item\">\n\t\t\t\t\t\t\t\t\t\t\t<a href=\"#seguridad_informacion\">\n\n\t\t\t\t\t\t\t\t\t\t\t<span class=\"elementor-icon-list-text\">3. Seguridad de la informaci\u00f3n<\/span>\n\t\t\t\t\t\t\t\t\t\t\t<\/a>\n\t\t\t\t\t\t\t\t\t<\/li>\n\t\t\t\t\t\t\t\t<li class=\"elementor-icon-list-item\">\n\t\t\t\t\t\t\t\t\t\t\t<a href=\"#enlaces_sitios_externos\">\n\n\t\t\t\t\t\t\t\t\t\t\t<span class=\"elementor-icon-list-text\">4. Enlaces a sitios externos<\/span>\n\t\t\t\t\t\t\t\t\t\t\t<\/a>\n\t\t\t\t\t\t\t\t\t<\/li>\n\t\t\t\t\t\t\t\t<li class=\"elementor-icon-list-item\">\n\t\t\t\t\t\t\t\t\t\t\t<a href=\"#modificaciones\">\n\n\t\t\t\t\t\t\t\t\t\t\t<span class=\"elementor-icon-list-text\">5. Modificaciones<\/span>\n\t\t\t\t\t\t\t\t\t\t\t<\/a>\n\t\t\t\t\t\t\t\t\t<\/li>\n\t\t\t\t\t\t\t\t<li class=\"elementor-icon-list-item\">\n\t\t\t\t\t\t\t\t\t\t\t<a href=\"#contacto\">\n\n\t\t\t\t\t\t\t\t\t\t\t<span class=\"elementor-icon-list-text\">6. Contacto<\/span>\n\t\t\t\t\t\t\t\t\t\t\t<\/a>\n\t\t\t\t\t\t\t\t\t<\/li>\n\t\t\t\t\t\t<\/ul>\n\t\t\t\t\t\t<\/div>\n\t\t\t\t<\/div>\n\t\t\t\t<\/div>\n\t\t\t\t<\/div>\n\t\t<div class=\"elementor-element elementor-element-487e058 e-con-full e-flex e-con e-child\" data-id=\"487e058\" data-element_type=\"container\">\n\t\t\t\t<div class=\"elementor-element elementor-element-5ed2750 elementor-widget elementor-widget-heading\" data-id=\"5ed2750\" data-element_type=\"widget\" data-settings=\"{&quot;_animation&quot;:&quot;none&quot;,&quot;_animation_delay&quot;:300}\" data-widget_type=\"heading.default\">\n\t\t\t\t<div class=\"elementor-widget-container\">\n\t\t\t\t\t<h2 class=\"elementor-heading-title elementor-size-default\">En el sitio web de Venflex, C.A., valoramos la privacidad de nuestros usuarios. En esta pol\u00edtica de privacidad, se explica c\u00f3mo se recopila, utiliza y protege su informaci\u00f3n personal cuando utiliza nuestro sitio web. Al utilizar nuestro sitio web, usted acepta las pol\u00edticas de privacidad que se describen a continuaci\u00f3n.<\/h2>\t\t\t\t<\/div>\n\t\t\t\t<\/div>\n\t\t\t\t<div class=\"elementor-element elementor-element-7f3e24d elementor-widget-divider--view-line elementor-widget elementor-widget-divider\" data-id=\"7f3e24d\" data-element_type=\"widget\" data-widget_type=\"divider.default\">\n\t\t\t\t<div class=\"elementor-widget-container\">\n\t\t\t\t\t\t\t<div class=\"elementor-divider\">\n\t\t\t<span class=\"elementor-divider-separator\">\n\t\t\t\t\t\t<\/span>\n\t\t<\/div>\n\t\t\t\t\t\t<\/div>\n\t\t\t\t<\/div>\n\t\t<div class=\"elementor-element elementor-element-5bb29af e-con-full e-flex e-con e-child\" data-id=\"5bb29af\" data-element_type=\"container\">\n\t\t\t\t<div class=\"elementor-element elementor-element-3a2d663 elementor-widget elementor-widget-heading\" data-id=\"3a2d663\" data-element_type=\"widget\" id=\"recopilacion_informacion\" data-settings=\"{&quot;_animation&quot;:&quot;none&quot;,&quot;_animation_delay&quot;:300}\" data-widget_type=\"heading.default\">\n\t\t\t\t<div class=\"elementor-widget-container\">\n\t\t\t\t\t<h2 class=\"elementor-heading-title elementor-size-default\">1. Recopilaci\u00f3n de informaci\u00f3n<\/h2>\t\t\t\t<\/div>\n\t\t\t\t<\/div>\n\t\t\t\t<div class=\"elementor-element elementor-element-d304b36 elementor-widget elementor-widget-text-editor\" data-id=\"d304b36\" data-element_type=\"widget\" data-settings=\"{&quot;_animation&quot;:&quot;none&quot;,&quot;_animation_delay&quot;:400}\" data-widget_type=\"text-editor.default\">\n\t\t\t\t<div class=\"elementor-widget-container\">\n\t\t\t\t\t\t\t\t\t<p class=\"\" data-start=\"722\" data-end=\"775\">Recopilamos informaci\u00f3n personal cuando los usuarios:<\/p><ul data-start=\"777\" data-end=\"932\"><li class=\"\" data-start=\"777\" data-end=\"834\"><p class=\"\" data-start=\"779\" data-end=\"834\">Nos contactan a trav\u00e9s del <strong data-start=\"806\" data-end=\"832\">formulario de contacto<\/strong><\/p><\/li><li class=\"\" data-start=\"835\" data-end=\"878\"><p class=\"\" data-start=\"837\" data-end=\"878\">Inician conversaciones v\u00eda <strong data-start=\"864\" data-end=\"876\">WhatsApp<\/strong><\/p><\/li><li class=\"\" data-start=\"879\" data-end=\"932\"><p class=\"\" data-start=\"881\" data-end=\"932\">Se suscriben a nuestro <strong data-start=\"904\" data-end=\"932\">formulario de newsletter<\/strong><\/p><\/li><\/ul><p class=\"\" data-start=\"934\" data-end=\"1055\">Esta informaci\u00f3n puede incluir su nombre, correo electr\u00f3nico, n\u00famero de tel\u00e9fono y cualquier mensaje que nos proporcione.<\/p><p class=\"\" data-start=\"1057\" data-end=\"1206\">Adem\u00e1s, utilizamos herramientas como <strong data-start=\"1094\" data-end=\"1142\">Google Analytics, Google Ads, Facebook Pixel<\/strong> y <strong data-start=\"1145\" data-end=\"1155\">Hotjar<\/strong> para recopilar informaci\u00f3n no identificable, como:<\/p><ul data-start=\"1208\" data-end=\"1397\"><li class=\"\" data-start=\"1208\" data-end=\"1244\"><p class=\"\" data-start=\"1210\" data-end=\"1244\">P\u00e1ginas visitadas dentro del sitio<\/p><\/li><li class=\"\" data-start=\"1245\" data-end=\"1267\"><p class=\"\" data-start=\"1247\" data-end=\"1267\">Tiempo de navegaci\u00f3n<\/p><\/li><li class=\"\" data-start=\"1268\" data-end=\"1301\"><p class=\"\" data-start=\"1270\" data-end=\"1301\">Tipo de dispositivo y navegador<\/p><\/li><li class=\"\" data-start=\"1302\" data-end=\"1324\"><p class=\"\" data-start=\"1304\" data-end=\"1324\">Ubicaci\u00f3n aproximada<\/p><\/li><li class=\"\" data-start=\"1325\" data-end=\"1397\"><p class=\"\" data-start=\"1327\" data-end=\"1397\">Comportamientos de navegaci\u00f3n (mapas de calor, clics, desplazamientos)<\/p><\/li><\/ul><p class=\"\" data-start=\"1399\" data-end=\"1488\">Estos datos se utilizan con fines estad\u00edsticos y para mejorar la experiencia del usuario.<\/p>\t\t\t\t\t\t\t\t<\/div>\n\t\t\t\t<\/div>\n\t\t\t\t<\/div>\n\t\t<div class=\"elementor-element elementor-element-bc3d3ca e-con-full e-flex e-con e-child\" data-id=\"bc3d3ca\" data-element_type=\"container\">\n\t\t\t\t<div class=\"elementor-element elementor-element-1d9fe2e elementor-widget elementor-widget-heading\" data-id=\"1d9fe2e\" data-element_type=\"widget\" id=\"uso_informacion\" data-settings=\"{&quot;_animation&quot;:&quot;none&quot;,&quot;_animation_delay&quot;:300}\" data-widget_type=\"heading.default\">\n\t\t\t\t<div class=\"elementor-widget-container\">\n\t\t\t\t\t<h2 class=\"elementor-heading-title elementor-size-default\">2. Uso de la informaci\u00f3n<\/h2>\t\t\t\t<\/div>\n\t\t\t\t<\/div>\n\t\t\t\t<div class=\"elementor-element elementor-element-13d6110 elementor-widget elementor-widget-text-editor\" data-id=\"13d6110\" data-element_type=\"widget\" data-settings=\"{&quot;_animation&quot;:&quot;none&quot;,&quot;_animation_delay&quot;:400}\" data-widget_type=\"text-editor.default\">\n\t\t\t\t<div class=\"elementor-widget-container\">\n\t\t\t\t\t\t\t\t\t<p class=\"\" data-start=\"1525\" data-end=\"1567\">La informaci\u00f3n recopilada se utiliza para:<\/p><ul data-start=\"1569\" data-end=\"1826\"><li class=\"\" data-start=\"1569\" data-end=\"1610\"><p class=\"\" data-start=\"1571\" data-end=\"1610\">Responder a sus consultas y solicitudes<\/p><\/li><li class=\"\" data-start=\"1611\" data-end=\"1667\"><p class=\"\" data-start=\"1613\" data-end=\"1667\">Analizar el uso del sitio y mejorar nuestros servicios<\/p><\/li><li class=\"\" data-start=\"1668\" data-end=\"1710\"><p class=\"\" data-start=\"1670\" data-end=\"1710\">Comunicarnos con usted de manera directa<\/p><\/li><li class=\"\" data-start=\"1711\" data-end=\"1826\"><p class=\"\" data-start=\"1713\" data-end=\"1826\"><strong data-start=\"1713\" data-end=\"1760\">Enviar boletines informativos (newsletters)<\/strong> con contenido relevante sobre la empresa y el sector flexogr\u00e1fico<\/p><\/li><\/ul><p class=\"\" data-start=\"1828\" data-end=\"2126\">Los correos electr\u00f3nicos que nos proporcione, ya sea por suscripci\u00f3n directa, por WhatsApp o mediante formularios, pueden ser incorporados en nuestra <strong data-start=\"1978\" data-end=\"2021\">base de datos para env\u00edos de newsletter<\/strong>. Usted puede cancelar su suscripci\u00f3n en cualquier momento desde los enlaces incluidos en dichos correos.<\/p><p class=\"\" data-start=\"2128\" data-end=\"2326\">No vendemos ni alquilamos su informaci\u00f3n personal. Solo compartimos datos con proveedores tecnol\u00f3gicos de confianza que nos ayudan a operar el sitio web o gestionar el env\u00edo de correos electr\u00f3nicos.<\/p>\t\t\t\t\t\t\t\t<\/div>\n\t\t\t\t<\/div>\n\t\t\t\t<\/div>\n\t\t<div class=\"elementor-element elementor-element-e347a19 e-con-full e-flex e-con e-child\" data-id=\"e347a19\" data-element_type=\"container\">\n\t\t\t\t<div class=\"elementor-element elementor-element-6854a73 elementor-widget elementor-widget-heading\" data-id=\"6854a73\" data-element_type=\"widget\" id=\"seguridad_informacion\" data-settings=\"{&quot;_animation&quot;:&quot;none&quot;,&quot;_animation_delay&quot;:300}\" data-widget_type=\"heading.default\">\n\t\t\t\t<div class=\"elementor-widget-container\">\n\t\t\t\t\t<h2 class=\"elementor-heading-title elementor-size-default\">3. Seguridad de la informaci\u00f3n<\/h2>\t\t\t\t<\/div>\n\t\t\t\t<\/div>\n\t\t\t\t<div class=\"elementor-element elementor-element-f4c612f elementor-widget elementor-widget-text-editor\" data-id=\"f4c612f\" data-element_type=\"widget\" data-settings=\"{&quot;_animation&quot;:&quot;none&quot;,&quot;_animation_delay&quot;:400}\" data-widget_type=\"text-editor.default\">\n\t\t\t\t<div class=\"elementor-widget-container\">\n\t\t\t\t\t\t\t\t\t<p class=\"\" data-start=\"686\" data-end=\"930\">Nos comprometemos a proteger su informaci\u00f3n personal. Contamos con medidas f\u00edsicas, electr\u00f3nicas y administrativas para prevenir el acceso no autorizado, la alteraci\u00f3n o p\u00e9rdida de los datos.<\/p>\t\t\t\t\t\t\t\t<\/div>\n\t\t\t\t<\/div>\n\t\t\t\t<\/div>\n\t\t<div class=\"elementor-element elementor-element-2b31296 e-con-full e-flex e-con e-child\" data-id=\"2b31296\" data-element_type=\"container\">\n\t\t\t\t<div class=\"elementor-element elementor-element-c0aaea3 elementor-widget elementor-widget-heading\" data-id=\"c0aaea3\" data-element_type=\"widget\" id=\"enlaces_sitios_externos\" data-settings=\"{&quot;_animation&quot;:&quot;none&quot;,&quot;_animation_delay&quot;:300}\" data-widget_type=\"heading.default\">\n\t\t\t\t<div class=\"elementor-widget-container\">\n\t\t\t\t\t<h2 class=\"elementor-heading-title elementor-size-default\">4. Enlaces a sitios externos<\/h2>\t\t\t\t<\/div>\n\t\t\t\t<\/div>\n\t\t\t\t<div class=\"elementor-element elementor-element-daddec6 elementor-widget elementor-widget-text-editor\" data-id=\"daddec6\" data-element_type=\"widget\" data-settings=\"{&quot;_animation&quot;:&quot;none&quot;,&quot;_animation_delay&quot;:400}\" data-widget_type=\"text-editor.default\">\n\t\t\t\t<div class=\"elementor-widget-container\">\n\t\t\t\t\t\t\t\t\t<p class=\"\" data-start=\"878\" data-end=\"1118\">Este sitio puede contener enlaces o integraciones con plataformas de terceros como <strong data-start=\"2687\" data-end=\"2697\">Google<\/strong>, <strong data-start=\"2699\" data-end=\"2728\">Meta (Facebook\/Instagram)<\/strong> y <strong data-start=\"2731\" data-end=\"2743\">WhatsApp<\/strong>. No somos responsables por sus pol\u00edticas de privacidad. Le recomendamos leer las pol\u00edticas de esos sitios antes de proporcionarles datos personales.<\/p>\t\t\t\t\t\t\t\t<\/div>\n\t\t\t\t<\/div>\n\t\t\t\t<\/div>\n\t\t<div class=\"elementor-element elementor-element-1ca6c60 e-con-full e-flex e-con e-child\" data-id=\"1ca6c60\" data-element_type=\"container\">\n\t\t\t\t<div class=\"elementor-element elementor-element-7125536 elementor-widget elementor-widget-heading\" data-id=\"7125536\" data-element_type=\"widget\" id=\"modificaciones\" data-settings=\"{&quot;_animation&quot;:&quot;none&quot;,&quot;_animation_delay&quot;:300}\" data-widget_type=\"heading.default\">\n\t\t\t\t<div class=\"elementor-widget-container\">\n\t\t\t\t\t<h2 class=\"elementor-heading-title elementor-size-default\">5. Modificaciones a las pol\u00edticas de privacidad<\/h2>\t\t\t\t<\/div>\n\t\t\t\t<\/div>\n\t\t\t\t<div class=\"elementor-element elementor-element-e713311 elementor-widget elementor-widget-text-editor\" data-id=\"e713311\" data-element_type=\"widget\" data-settings=\"{&quot;_animation&quot;:&quot;none&quot;,&quot;_animation_delay&quot;:400}\" data-widget_type=\"text-editor.default\">\n\t\t\t\t<div class=\"elementor-widget-container\">\n\t\t\t\t\t\t\t\t\t<p class=\"\" data-start=\"251\" data-end=\"506\">Esta pol\u00edtica puede ser modificada en cualquier momento sin previo aviso. Los cambios entrar\u00e1n en vigor desde su publicaci\u00f3n en esta misma p\u00e1gina. Le recomendamos revisarla peri\u00f3dicamente.<\/p>\t\t\t\t\t\t\t\t<\/div>\n\t\t\t\t<\/div>\n\t\t\t\t<\/div>\n\t\t<div class=\"elementor-element elementor-element-b4926be e-con-full e-flex e-con e-child\" data-id=\"b4926be\" data-element_type=\"container\">\n\t\t\t\t<div class=\"elementor-element elementor-element-ca93f5e elementor-widget elementor-widget-heading\" data-id=\"ca93f5e\" data-element_type=\"widget\" id=\"contacto\" data-settings=\"{&quot;_animation&quot;:&quot;none&quot;,&quot;_animation_delay&quot;:300}\" data-widget_type=\"heading.default\">\n\t\t\t\t<div class=\"elementor-widget-container\">\n\t\t\t\t\t<h2 class=\"elementor-heading-title elementor-size-default\">9. Contacto<\/h2>\t\t\t\t<\/div>\n\t\t\t\t<\/div>\n\t\t\t\t<div class=\"elementor-element elementor-element-f354791 elementor-widget elementor-widget-text-editor\" data-id=\"f354791\" data-element_type=\"widget\" data-settings=\"{&quot;_animation&quot;:&quot;none&quot;,&quot;_animation_delay&quot;:400}\" data-widget_type=\"text-editor.default\">\n\t\t\t\t<div class=\"elementor-widget-container\">\n\t\t\t\t\t\t\t\t\t<p class=\"\" data-start=\"3310\" data-end=\"3490\">Si tiene preguntas sobre esta pol\u00edtica de privacidad o desea ejercer alg\u00fan derecho relacionado con sus datos personales, puede comunicarse con nosotros a trav\u00e9s de:<\/p><p class=\"\" data-start=\"3492\" data-end=\"3641\">Correo electr\u00f3nico: info@venflexca.com<br data-start=\"3549\" data-end=\"3552\" \/>Tel\u00e9fono: +58 414 586 9393<br data-start=\"3599\" data-end=\"3602\" \/>Direcci\u00f3n: Urb Ca\u00f1a de Az\u00facar, C.C. Ca\u00f1a de Az\u00facar, Galp\u00f3n 06, Maracay 2105, Aragua, Venezuela<\/p><p class=\"\" data-start=\"3643\" data-end=\"3703\">Nos esforzaremos por responder su consulta lo antes posible.<\/p>\t\t\t\t\t\t\t\t<\/div>\n\t\t\t\t<\/div>\n\t\t\t\t<\/div>\n\t\t\t\t<\/div>\n\t\t\t\t\t<\/div>\n\t\t\t\t<\/div>\n\t\t\t\t<\/div>\n\t\t","protected":false},"excerpt":{"rendered":"<p>Centro de pol\u00edticas Esta p\u00e1gina presenta nuestras pol\u00edticas de privacidad. Por favor, l\u00e9ala antes de ingresar datos en nuestro sitio web. T\u00e9rminos y Condiciones Pol\u00edtica de Privacidad Pol\u00edtica de Cookies Aviso Legal Men\u00fa 1. Recopilaci\u00f3n de informaci\u00f3n 2. Uso de la informaci\u00f3n 3. Seguridad de la informaci\u00f3n 4. Enlaces a sitios externos 5. Modificaciones 6. [&hellip;]<\/p>\n","protected":false},"author":1,"featured_media":0,"parent":0,"menu_order":9,"comment_status":"closed","ping_status":"closed","template":"","meta":{"_acf_changed":false,"inline_featured_image":false,"footnotes":""},"class_list":["post-48","page","type-page","status-publish","hentry"],"acf":[],"_links":{"self":[{"href":"https:\/\/www.consularsa.com.ar\/index.php?rest_route=\/wp\/v2\/pages\/48","targetHints":{"allow":["GET"]}}],"collection":[{"href":"https:\/\/www.consularsa.com.ar\/index.php?rest_route=\/wp\/v2\/pages"}],"about":[{"href":"https:\/\/www.consularsa.com.ar\/index.php?rest_route=\/wp\/v2\/types\/page"}],"author":[{"embeddable":true,"href":"https:\/\/www.consularsa.com.ar\/index.php?rest_route=\/wp\/v2\/users\/1"}],"replies":[{"embeddable":true,"href":"https:\/\/www.consularsa.com.ar\/index.php?rest_route=%2Fwp%2Fv2%2Fcomments&post=48"}],"version-history":[{"count":49,"href":"https:\/\/www.consularsa.com.ar\/index.php?rest_route=\/wp\/v2\/pages\/48\/revisions"}],"predecessor-version":[{"id":1666,"href":"https:\/\/www.consularsa.com.ar\/index.php?rest_route=\/wp\/v2\/pages\/48\/revisions\/1666"}],"wp:attachment":[{"href":"https:\/\/www.consularsa.com.ar\/index.php?rest_route=%2Fwp%2Fv2%2Fmedia&parent=48"}],"curies":[{"name":"wp","href":"https:\/\/api.w.org\/{rel}","templated":true}]}}